{"id":78,"date":"2017-09-05T14:13:20","date_gmt":"2017-09-05T14:13:20","guid":{"rendered":"http:\/\/www.cep-argentina.com\/cep\/?page_id=78"},"modified":"2026-01-15T13:19:17","modified_gmt":"2026-01-15T16:19:17","slug":"centro-asistencial","status":"publish","type":"page","link":"https:\/\/cep-argentina.com.ar\/cep\/centro-asistencial\/","title":{"rendered":"Centro Asistencial"},"content":{"rendered":"<p>[et_pb_section fb_built=\u00bb1&#8243; inner_shadow=\u00bbon\u00bb fullwidth=\u00bbon\u00bb custom_padding_last_edited=\u00bbon|desktop\u00bb disabled_on=\u00bboff|off|off\u00bb admin_label=\u00bbSecci\u00f3n\u00bb _builder_version=\u00bb4.27.4&#8243; _module_preset=\u00bb8b9deb83-9b61-4b25-ad8d-ec2836fd07b4&#8243; background_color=\u00bb#DFB758&#8243; background_size=\u00bbcontain\u00bb background_blend=\u00bbhue\u00bb width=\u00bb100%\u00bb max_width=\u00bb100%\u00bb module_alignment=\u00bbcenter\u00bb min_height=\u00bb538px\u00bb height=\u00bb350px\u00bb max_height=\u00bb414px\u00bb overflow-x=\u00bbvisible\u00bb overflow-y=\u00bbvisible\u00bb custom_margin=\u00bb-75px|0px|39px|13px|false|false\u00bb custom_padding=\u00bb0px|24px|0px|24px|false|true\u00bb custom_padding_tablet=\u00bb50px|0|50px|0&#8243; custom_padding_phone=\u00bb50px|0|50px|0&#8243; top_divider_style=\u00bbwaves\u00bb top_divider_color=\u00bb#E09900&#8243; top_divider_height=\u00bb22px\u00bb top_divider_repeat=\u00bb1x\u00bb top_divider_flip=\u00bbvertical\u00bb animation_speed_curve=\u00bbease\u00bb hover_transition_duration=\u00bb750ms\u00bb link_option_url=\u00bbinfo.cepfiorini@gmail\u00bb link_option_url_new_window=\u00bbon\u00bb module_alignment_tablet=\u00bbcenter\u00bb module_alignment_phone=\u00bbcenter\u00bb module_alignment_last_edited=\u00bbon|desktop\u00bb border_width_all=\u00bb5px\u00bb border_color_all=\u00bb#E09900&#8243; border_style_all=\u00bbgroove\u00bb border_style_left=\u00bbgroove\u00bb box_shadow_style=\u00bbpreset5&#8243; box_shadow_vertical=\u00bb-2px\u00bb box_shadow_blur=\u00bb20px\u00bb box_shadow_spread=\u00bb-10px\u00bb box_shadow_color=\u00bb#b0c44e\u00bb transparent_background=\u00bboff\u00bb padding_mobile=\u00bboff\u00bb make_fullwidth=\u00bboff\u00bb use_custom_width=\u00bboff\u00bb width_unit=\u00bbon\u00bb global_module=\u00bb58&#8243; saved_tabs=\u00bball\u00bb global_colors_info=\u00bb{}\u00bb][et_pb_fullwidth_slider _builder_version=\u00bb4.27.4&#8243; _module_preset=\u00bbdefault\u00bb max_width=\u00bb100%\u00bb content_max_width=\u00bb872px\u00bb min_height=\u00bb100px\u00bb height=\u00bb421px\u00bb max_height=\u00bb450px\u00bb global_colors_info=\u00bb{}\u00bb][et_pb_slide heading=\u00bb2026 \u00bb button_text=\u00bbINFORMACION \u00bb button_link=\u00bbhttp:\/\/INFO.CEPFIORINI@GMAIL.COM\u00bb image=\u00bbhttps:\/\/cep-argentina.com.ar\/cep\/wp-content\/uploads\/2025\/12\/Actividades-2026-1.jpg\u00bb _builder_version=\u00bb4.27.4&#8243; _module_preset=\u00bbdefault\u00bb global_colors_info=\u00bb{}\u00bb sticky_transition=\u00bbon\u00bb]<\/p>\n<p>Consultanos por Charlas Informativas<\/p>\n<p>[\/et_pb_slide][et_pb_slide heading=\u00bbPOSGRADOS ON LINE 2026&#8243; button_text=\u00bbINFORMACION \u00bb button_link=\u00bbhttp:\/\/INFO.CEPFIORINI@GMAIL.COM\u00bb _builder_version=\u00bb4.27.4&#8243; _module_preset=\u00bbdefault\u00bb global_colors_info=\u00bb{}\u00bb sticky_transition=\u00bbon\u00bb]<\/p>\n<ul>\n<li style=\"text-align: justify;\">ARTE TERAPIA<\/li>\n<li style=\"text-align: justify;\">NI\u00d1EZ Y ADOLESCENCIA<\/li>\n<li style=\"text-align: justify;\">PSICOPATOLOGIA CONTEMPORANEA<\/li>\n<li style=\"text-align: justify;\">TEORIA Y TECNICA EN PSICOTERAPIAS PSICOANALITICAS FOCALIZADAS<\/li>\n<\/ul>\n<p>[\/et_pb_slide][et_pb_slide heading=\u00bbSIEMPRE PRESENTE DR. HECTOR JUAN FIORINI \u00bb image=\u00bbhttps:\/\/cep-argentina.com.ar\/cep\/wp-content\/uploads\/2025\/11\/FIORINI-2025-HOMENAJE.jpg\u00bb _builder_version=\u00bb4.27.4&#8243; _module_preset=\u00bbdefault\u00bb global_colors_info=\u00bb{}\u00bb sticky_transition=\u00bbon\u00bb]<\/p>\n<h5><span style=\"color: #333300;\">14\/04\/1937- 4\/11\/2022<\/span><\/h5>\n<h5><span style=\"color: #333300;\">\u00a0<\/span><\/h5>\n<p>[\/et_pb_slide][et_pb_slide heading=\u00bbCURSOS     ON LINE 2026&#8243; button_text=\u00bbINFORMACION \u00bb button_link=\u00bbhttp:\/\/INFO.CEPFIORINI@GMAIL.COM\u00bb _builder_version=\u00bb4.27.4&#8243; _module_preset=\u00bbdefault\u00bb global_colors_info=\u00bb{}\u00bb sticky_transition=\u00bbon\u00bb]<\/p>\n<ul>\n<li style=\"text-align: justify;\">ABORDAJES TERAPEUTICOS DE CORTO PLAZO<\/li>\n<li style=\"text-align: justify;\">PSICOPATOLOGIA CONTEMPORANEA<\/li>\n<li style=\"text-align: justify;\">VARIOS A CONFIRMAR<\/li>\n<\/ul>\n<p>[\/et_pb_slide][et_pb_slide heading=\u00bbNEWSLETTER  Noviembre 2025&#8243; button_text=\u00bbDescargar \u00bb button_link=\u00bbhttps:\/\/drive.google.com\/drive\/folders\/1ZMZFoZhZtEcSFk4osxwWEn2ZhJeiKWpk?usp=drive_link\u00bb url_new_window=\u00bbon\u00bb image=\u00bbhttps:\/\/cep-argentina.com.ar\/cep\/wp-content\/uploads\/2025\/11\/NEWSLETTER-Noviembre.jpg\u00bb _builder_version=\u00bb4.27.4&#8243; _module_preset=\u00bbdefault\u00bb global_colors_info=\u00bb{}\u00bb sticky_transition=\u00bbon\u00bb][\/et_pb_slide][et_pb_slide heading=\u00bbNEWSLETTER &#8211; Octubre 2025&#8243; button_text=\u00bbDescargar \u00bb button_link=\u00bbhttps:\/\/drive.google.com\/drive\/folders\/1ZzPxiUVk2A_2TDVfxYXRKpns-KC_jGu1?usp=drive_link\u00bb url_new_window=\u00bbon\u00bb image=\u00bbhttps:\/\/cep-argentina.com.ar\/cep\/wp-content\/uploads\/2025\/10\/Copia-de-NEWSLETTER-Octubre-1.jpg\u00bb _builder_version=\u00bb4.27.4&#8243; _module_preset=\u00bbdefault\u00bb global_colors_info=\u00bb{}\u00bb sticky_transition=\u00bbon\u00bb][\/et_pb_slide][et_pb_slide heading=\u00bbSUPERVISION CLINICA ABIERTA ON LINE MENSUAL \u00bb button_text=\u00bbINSCRIPCION : \u00bb button_link=\u00bbhttps:\/\/forms.gle\/nJGnfaqZD1BA1xPH6&#8243; url_new_window=\u00bbon\u00bb image=\u00bbhttps:\/\/cep-argentina.com.ar\/cep\/wp-content\/uploads\/2025\/11\/Ateneos-1.png\u00bb _builder_version=\u00bb4.27.4&#8243; _module_preset=\u00bbdefault\u00bb width=\u00bb73%\u00bb max_width=\u00bb100%\u00bb overflow-x=\u00bbauto\u00bb overflow-y=\u00bbauto\u00bb custom_padding=\u00bb1px||1px||true|false\u00bb global_colors_info=\u00bb{}\u00bb sticky_transition=\u00bbon\u00bb][\/et_pb_slide][et_pb_slide image=\u00bbhttps:\/\/cep-argentina.com.ar\/cep\/wp-content\/uploads\/2025\/12\/Agradecidos-por-este-2025-.-Brindamos-por-un-prospero-y-saludable-2026-para-tod@s.jpg\u00bb _builder_version=\u00bb4.27.4&#8243; _module_preset=\u00bbdefault\u00bb global_colors_info=\u00bb{}\u00bb sticky_transition=\u00bbon\u00bb][\/et_pb_slide][\/et_pb_fullwidth_slider][\/et_pb_section][et_pb_section fb_built=\u00bb1&#8243; custom_padding_last_edited=\u00bbon|desktop\u00bb admin_label=\u00bbsection\u00bb _builder_version=\u00bb4.27.4&#8243; background_color=\u00bb#E0D3CC\u00bb width=\u00bb99.7%\u00bb max_width=\u00bb100%\u00bb custom_padding=\u00bb||20px|305px||\u00bb custom_padding_tablet=\u00bb50px|0|50px|0&#8243; custom_padding_phone=\u00bb50px|0|50px|0&#8243; filter_opacity=\u00bb85%\u00bb top_divider_style=\u00bbslant2&#8243; top_divider_color=\u00bb#DFB758&#8243; top_divider_height=\u00bb45px\u00bb border_width_all=\u00bb5px\u00bb border_color_all=\u00bb#E09900&#8243; transparent_background=\u00bboff\u00bb padding_mobile=\u00bboff\u00bb make_fullwidth=\u00bboff\u00bb use_custom_width=\u00bboff\u00bb width_unit=\u00bbon\u00bb global_colors_info=\u00bb{}\u00bb][et_pb_row padding_mobile=\u00bboff\u00bb column_padding_mobile=\u00bbon\u00bb admin_label=\u00bbrow\u00bb _builder_version=\u00bb4.16&#8243; background_size=\u00bbinitial\u00bb background_position=\u00bbtop_left\u00bb background_repeat=\u00bbrepeat\u00bb custom_margin=\u00bb|auto||1px||\u00bb make_fullwidth=\u00bboff\u00bb use_custom_width=\u00bboff\u00bb width_unit=\u00bbon\u00bb global_colors_info=\u00bb{}\u00bb][et_pb_column type=\u00bb4_4&#8243; _builder_version=\u00bb4.16&#8243; custom_padding=\u00bb|||\u00bb global_colors_info=\u00bb{}\u00bb custom_padding__hover=\u00bb|||\u00bb][et_pb_text admin_label=\u00bbTexto\u00bb _builder_version=\u00bb4.16&#8243; background_size=\u00bbinitial\u00bb background_position=\u00bbtop_left\u00bb background_repeat=\u00bbrepeat\u00bb custom_margin=\u00bb|-105px||||\u00bb use_border_color=\u00bboff\u00bb border_color=\u00bb#ffffff\u00bb border_style=\u00bbsolid\u00bb global_colors_info=\u00bb{}\u00bb]<\/p>\n<h1>Centro Asistencial<\/h1>\n<h3><span style=\"color: #99cc00;\">PSICOTERAPIA DIN\u00c1MICA FOCALIZADA<\/span><\/h3>\n<h5>Consiste en la posibilidad de reasegurar el cambio psicol\u00f3gico permanente y de respetar a la persona en su individualidad, favoreciendo la comprensi\u00f3n global a partir de la situaci\u00f3n de vida presente.<\/h5>\n<p>Los instrumentos t\u00e9cnicos espec\u00edficos de una psicoterapia din\u00e1mica focalizada son: papel activo del terapeuta, plan de abordaje individualizado, focalizaci\u00f3n del esfuerzo terap\u00e9utico y flexibilidad en la aplicaci\u00f3n de recursos t\u00e9cnicos.<\/p>\n<p>Hoy la cl\u00ednica responde a los requerimientos del momento y se realiza tambi\u00e9n en modalidad virtual, para poder llegar a todos los que la\u00a0requieran.\u00a0Esta demanda hoy crece debido a las situaciones que nos presenta la actualidad, siendo nuestros terapeutas especialistas en crisis y en focalizaci\u00f3n, pueden responder adecuadamente y de manera expeditiva a esta demanda.<\/p>\n<p>La asistencia no se circunscribe al consultorio y al individuo necesariamente, sino que, de acuerdo a la situaci\u00f3n cl\u00ednica, el grupo familiar encuentra cabida en un abordaje institucional en el Centro de Asistencia en Psicoterapias, de acuerdo al detalle adjunto.<\/p>\n<p><strong>El Centro de Asistencia en Psicoterapias es una organizaci\u00f3n de profesionales de primer nivel que brinda servicios de asistencia, rehabilitaci\u00f3n y promoci\u00f3n en Salud Mental, cuya solvencia se afirma en lo siguiente:<\/strong><\/p>\n<ul>\n<li>Sus miembros pertenecen a una l\u00ednea de trabajo t\u00e9cnico consolidada, lo que asegura la coherencia e integraci\u00f3n de las prestaciones.<\/li>\n<li>Cuenta con profesionales conocedores de las t\u00e9cnicas m\u00e1s modernas de trabajo en Salud Mental, con un amplio espectro de recursos destinados a la cobertura de las diversas prestaciones que requiere la especialidad.<\/li>\n<li>La labor de sus profesionales es supervisada por personal capacitado en seguimiento y control del logro de los objetivos propuestos.<\/li>\n<li>Efect\u00faa peri\u00f3dicamente la evaluaci\u00f3n de resultados de asistencia y reajustes t\u00e9cnicos en funci\u00f3n de las necesidades espec\u00edficas de los beneficiarios.<\/li>\n<\/ul>\n<p>[\/et_pb_text][\/et_pb_column][\/et_pb_row][et_pb_row admin_label=\u00bbrow\u00bb _builder_version=\u00bb4.16&#8243; background_size=\u00bbinitial\u00bb background_position=\u00bbtop_left\u00bb background_repeat=\u00bbrepeat\u00bb global_colors_info=\u00bb{}\u00bb][et_pb_column type=\u00bb4_4&#8243; _builder_version=\u00bb4.16&#8243; custom_padding=\u00bb|||\u00bb global_colors_info=\u00bb{}\u00bb custom_padding__hover=\u00bb|||\u00bb][et_pb_text admin_label=\u00bbTexto\u00bb _builder_version=\u00bb4.16&#8243; background_size=\u00bbinitial\u00bb background_position=\u00bbtop_left\u00bb background_repeat=\u00bbrepeat\u00bb custom_margin=\u00bb|||-131px||\u00bb use_border_color=\u00bboff\u00bb border_color=\u00bb#ffffff\u00bb border_style=\u00bbsolid\u00bb global_colors_info=\u00bb{}\u00bb]<\/p>\n<h1>Departamento de Asistencia Ambulatoria<\/h1>\n<p>Se halla organizado de acuerdo a las caracter\u00edsticas de la consulta en: departamento de adultos, de psicopatolog\u00eda infanta-juvenil, de apoyo-asistencia a la pareja y a la familia, de psicoterapia grupal y de psicofarmacolog\u00eda.<\/p>\n<p>La consulta del adolescente y del ni\u00f1o frecuentemente requiere asistencia psicopedag\u00f3gica y orientaci\u00f3n psicol\u00f3gica al grupo familiar en ciertos casos: orientaci\u00f3n vocacional, tratamiento de las conductas adictivas (drogas, perturbaciones de la alimentaci\u00f3n -anorexia-bulimia) o afecciones psicosom\u00e1ticos.<\/p>\n<p>Se ha descentralizado la asistencia, facilitando la concurrencia de los usuarios a su terapeuta espec\u00edfico cuyo consultorio est\u00e9 m\u00e1s accesible y su experiencia m\u00e1s acorde a las necesidades del consultante.<br \/>\n[\/et_pb_text][\/et_pb_column][\/et_pb_row][\/et_pb_section][et_pb_section fb_built=\u00bb1&#8243; custom_padding_last_edited=\u00bbon|desktop\u00bb admin_label=\u00bbSecci\u00f3n\u00bb _builder_version=\u00bb3.22&#8243; background_color=\u00bb#ffffff\u00bb background_image=\u00bbhttp:\/\/www.cep-argentina.com.ar\/cep\/wp-content\/uploads\/2017\/09\/fondos_1.jpg\u00bb custom_padding=\u00bb25px||35px|\u00bb custom_padding_tablet=\u00bb50px|0|50px|0&#8243; custom_padding_phone=\u00bb50px|0|50px|0&#8243; transparent_background=\u00bboff\u00bb padding_mobile=\u00bboff\u00bb make_fullwidth=\u00bboff\u00bb use_custom_width=\u00bboff\u00bb width_unit=\u00bbon\u00bb global_module=\u00bb59&#8243; global_colors_info=\u00bb{}\u00bb][et_pb_row column_structure=\u00bb1_3,1_3,1_3&#8243; padding_mobile=\u00bboff\u00bb column_padding_mobile=\u00bbon\u00bb admin_label=\u00bbFila\u00bb _builder_version=\u00bb4.16&#8243; background_size=\u00bbinitial\u00bb background_position=\u00bbtop_left\u00bb background_repeat=\u00bbrepeat\u00bb make_fullwidth=\u00bboff\u00bb use_custom_width=\u00bboff\u00bb width_unit=\u00bbon\u00bb global_colors_info=\u00bb{}\u00bb][et_pb_column type=\u00bb1_3&#8243; _builder_version=\u00bb4.16&#8243; custom_padding=\u00bb|||\u00bb global_colors_info=\u00bb{}\u00bb custom_padding__hover=\u00bb|||\u00bb][et_pb_image src=\u00bbhttp:\/\/www.cep-argentina.com.ar\/cep\/wp-content\/uploads\/2017\/09\/grafica-cep.png\u00bb align_tablet=\u00bbcenter\u00bb align_phone=\u00bb\u00bb align_last_edited=\u00bbon|desktop\u00bb admin_label=\u00bbImagen\u00bb _builder_version=\u00bb4.16&#8243; animation_style=\u00bbslide\u00bb animation_direction=\u00bbleft\u00bb animation_duration=\u00bb500ms\u00bb animation_intensity_slide=\u00bb10%\u00bb use_border_color=\u00bboff\u00bb border_color=\u00bb#ffffff\u00bb border_style=\u00bbsolid\u00bb animation=\u00bbleft\u00bb sticky=\u00bboff\u00bb always_center_on_mobile=\u00bbon\u00bb global_colors_info=\u00bb{}\u00bb][\/et_pb_image][\/et_pb_column][et_pb_column type=\u00bb1_3&#8243; _builder_version=\u00bb4.16&#8243; custom_padding=\u00bb|||\u00bb global_colors_info=\u00bb{}\u00bb custom_padding__hover=\u00bb|||\u00bb][et_pb_text admin_label=\u00bbTexto\u00bb _builder_version=\u00bb4.27.4&#8243; background_size=\u00bbinitial\u00bb background_position=\u00bbtop_left\u00bb background_repeat=\u00bbrepeat\u00bb link_option_url=\u00bbinfo.cepfiorini@gmail.com\u00bb hover_enabled=\u00bb0&#8243; use_border_color=\u00bboff\u00bb border_color=\u00bb#ffffff\u00bb border_style=\u00bbsolid\u00bb global_colors_info=\u00bb{}\u00bb sticky_enabled=\u00bb0&#8243;]<\/p>\n<h6 style=\"text-align: center;\">Contacto :<\/h6>\n<h6 style=\"text-align: center;\"><span style=\"color: #000000;\"><strong>info.cepfiorini@gmail.com\u00a0 \/ <\/strong><\/span><a href=\"mailto:info@cep-argentina.com.ar\" style=\"font-size: 15px;\">info@cep-argentina.com.ar<\/a><span style=\"font-size: 15px;\"> <\/span><\/h6>\n<p><span style=\"font-size: 15px; color: #000000;\"><strong>Tel\u00e9fono <\/strong>(54 11)\u00a0<\/span><span style=\"font-size: 15px;\">27821990<\/span>\u00a0 tel:\u00a0 54-011- 73607167<\/p>\n<p>&nbsp;<\/p>\n<p>[\/et_pb_text][\/et_pb_column][et_pb_column type=\u00bb1_3&#8243; _builder_version=\u00bb4.16&#8243; custom_padding=\u00bb|||\u00bb global_colors_info=\u00bb{}\u00bb custom_padding__hover=\u00bb|||\u00bb][et_pb_text admin_label=\u00bbTexto\u00bb _builder_version=\u00bb4.16&#8243; background_size=\u00bbinitial\u00bb background_position=\u00bbtop_left\u00bb background_repeat=\u00bbrepeat\u00bb use_border_color=\u00bboff\u00bb border_color=\u00bb#ffffff\u00bb border_style=\u00bbsolid\u00bb global_colors_info=\u00bb{}\u00bb]<\/p>\n<h6><a href=\"http:\/\/www.cep-argentina.com.ar\/cep\/cursos\/\">Cursos<\/a><\/h6>\n<h6><a href=\"http:\/\/www.cep-argentina.com.ar\/cep\/centro-asistencial\/\">Centro Asistencial<\/a><\/h6>\n<h6><a href=\"http:\/\/www.cep-argentina.com.ar\/cep\/red-internacional-de-psicoterapias-psicoanaliticas\/\">Red Internacional de Psicoterapias Psicoanal\u00edticas<\/a><\/h6>\n<h6><a href=\"http:\/\/www.cep-argentina.com.ar\/cep\/quienes-somos\/\">Quienes Somos<\/a><\/h6>\n<h6><a href=\"http:\/\/www.cep-argentina.com.ar\/cep\/filiales\/\">Filiales<\/a><\/h6>\n<h6><a href=\"mailto:cep@cep-argentina.com.ar\">Contacto<\/a><\/h6>\n<p>[\/et_pb_text][\/et_pb_column][\/et_pb_row][\/et_pb_section]<\/p>\n","protected":false},"excerpt":{"rendered":"<p>Consultanos por Charlas Informativas ARTE TERAPIA NI\u00d1EZ Y ADOLESCENCIA PSICOPATOLOGIA CONTEMPORANEA TEORIA Y TECNICA EN PSICOTERAPIAS PSICOANALITICAS FOCALIZADAS 14\/04\/1937- 4\/11\/2022 \u00a0 ABORDAJES TERAPEUTICOS DE CORTO PLAZO PSICOPATOLOGIA CONTEMPORANEA VARIOS A CONFIRMAR Centro Asistencial PSICOTERAPIA DIN\u00c1MICA FOCALIZADA Consiste en la posibilidad de reasegurar el cambio psicol\u00f3gico permanente y de respetar a la persona en su individualidad, [&hellip;]<\/p>\n","protected":false},"author":1,"featured_media":0,"parent":0,"menu_order":0,"comment_status":"closed","ping_status":"closed","template":"","meta":{"_et_pb_use_builder":"on","_et_pb_old_content":"","_et_gb_content_width":"","om_disable_all_campaigns":false,"_uf_show_specific_survey":0,"_uf_disable_surveys":false,"footnotes":""},"class_list":["post-78","page","type-page","status-publish","hentry"],"_links":{"self":[{"href":"https:\/\/cep-argentina.com.ar\/cep\/wp-json\/wp\/v2\/pages\/78","targetHints":{"allow":["GET"]}}],"collection":[{"href":"https:\/\/cep-argentina.com.ar\/cep\/wp-json\/wp\/v2\/pages"}],"about":[{"href":"https:\/\/cep-argentina.com.ar\/cep\/wp-json\/wp\/v2\/types\/page"}],"author":[{"embeddable":true,"href":"https:\/\/cep-argentina.com.ar\/cep\/wp-json\/wp\/v2\/users\/1"}],"replies":[{"embeddable":true,"href":"https:\/\/cep-argentina.com.ar\/cep\/wp-json\/wp\/v2\/comments?post=78"}],"version-history":[{"count":37,"href":"https:\/\/cep-argentina.com.ar\/cep\/wp-json\/wp\/v2\/pages\/78\/revisions"}],"predecessor-version":[{"id":3912,"href":"https:\/\/cep-argentina.com.ar\/cep\/wp-json\/wp\/v2\/pages\/78\/revisions\/3912"}],"wp:attachment":[{"href":"https:\/\/cep-argentina.com.ar\/cep\/wp-json\/wp\/v2\/media?parent=78"}],"curies":[{"name":"wp","href":"https:\/\/api.w.org\/{rel}","templated":true}]}}